{"id":4593,"date":"2020-04-27T14:50:35","date_gmt":"2020-04-27T06:50:35","guid":{"rendered":"https:\/\/www.xjssmt.com\/bizim-hakkimizda\/sirket-profili"},"modified":"2025-07-16T20:58:16","modified_gmt":"2025-07-16T12:58:16","slug":"sirket-profili","status":"publish","type":"page","link":"https:\/\/www.xjssmt.com\/tr\/bizim-hakkimizda\/sirket-profili","title":{"rendered":"\u015eirket Profili"},"content":{"rendered":"<p>Shenzhen Xinjiusheng Automation Equipment Co., Ltd. bir y\u00fcksek teknoloji \u015firketi, d\u00fcnyaya ilk s\u0131n\u0131f, ortadan y\u00fcksek s\u0131n\u0131f, y\u00fczeysel da\u011f makinelerinin ara\u015ft\u0131rmalar\u0131n\u0131 ve geli\u015ftirmelerini destekleyen bir ara\u015ft\u0131rma, \u00fcretim, sat\u0131\u015f ve hizmetini sa\u011flayan bir yerdir. Modern y\u00f6netim konseptlerine ve bilimsel yenileme ruhuna dayanarak, profesyonel \u00fcretim, teknolojik yenileme ve geli\u015ftirme payla\u015f\u0131m\u0131n\u0131n de\u011ferlerine uyuyor. S\u0131cak sistemler ve s\u00fcre\u00e7ler, g\u00fcvenilir \u00fcr\u00fcnler ve dokunma hizmetleri ile m\u00fc\u015fterilerle, da\u011f\u0131t\u0131c\u0131larla, \u00e7al\u0131\u015fanlarla ve teminat\u00e7\u0131larla birlikte d\u00fcnya s\u0131n\u0131f otomatik ekipmanlar\u0131 \u00fcretim kurulu\u015fu i\u00e7in uzun s\u00fcren bir temel ile \u00e7al\u0131\u015f\u0131yoruz.<\/p>\n<p>Bizim ila\u00e7lar\u0131m\u0131z<\/p>\n<p>S\u00fcrekli geli\u015ftirme ve ke\u015ffetme i\u00e7inde, Xinjiusheng insanlar\u0131 &#8220;s\u0131radan d\u00fczeni reddetmeye&#8221; konseptine kat\u0131l\u0131r ve ara\u015ft\u0131rma, geli\u015ftirme, \u00fcretim, sat\u0131\u015f ve y\u00fcksek sonlu LED y\u00fczey da\u011f ekipmanlar\u0131n\u0131n hizmetine ba\u011fl\u0131. \u015eu and a bilimsel, tamamlanm\u0131\u015f ve etkili bir R&amp;D, \u00f6n sat\u0131\u015f ve sonra sat\u0131\u015f operasyon sistemi olu\u015fturuldu. Y\u00fcksek kaliteli ve insanl\u0131 tasar\u0131m ve harika toplant\u0131 teknolojisi ile, y\u00fcksek kaliteli ekipmanlar ve etkili hizmetler ile sayg\u0131 duyuyoruz m\u00fc\u015fterilere.<\/p>\n","protected":false},"excerpt":{"rendered":"<p>Shenzhen Xinjiusheng Automation Equipment Co., Ltd. bir y\u00fcksek teknoloji \u015firketi, d\u00fcnyaya ilk s\u0131n\u0131f, ortadan y\u00fcksek s\u0131n\u0131f, y\u00fczeysel da\u011f makinelerinin ara\u015ft\u0131rmalar\u0131n\u0131 ve geli\u015ftirmelerini destekleyen bir ara\u015ft\u0131rma, \u00fcretim, sat\u0131\u015f ve hizmetini sa\u011flayan bir yerdir. Modern y\u00f6netim konseptlerine ve bilimsel yenileme ruhuna dayanarak, profesyonel \u00fcretim, teknolojik yenileme ve geli\u015ftirme payla\u015f\u0131m\u0131n\u0131n de\u011ferlerine uyuyor. S\u0131cak sistemler ve s\u00fcre\u00e7ler, g\u00fcvenilir \u00fcr\u00fcnler [&hellip;]<\/p>\n","protected":false},"author":1,"featured_media":0,"parent":4592,"menu_order":15,"comment_status":"closed","ping_status":"closed","template":"","meta":{"footnotes":""},"class_list":["post-4593","page","type-page","status-publish","hentry"],"acf":[],"yoast_head":"<!-- This site is optimized with the Yoast SEO plugin v25.9 - https:\/\/yoast.com\/wordpress\/plugins\/seo\/ -->\n<title>\u015eirket Profili - Shenzhen Xinjiusheng Automation Equipment Co., Ltd<\/title>\n<meta name=\"robots\" content=\"index, follow, max-snippet:-1, max-image-preview:large, max-video-preview:-1\" \/>\n<link rel=\"canonical\" href=\"https:\/\/www.xjssmt.com\/about\/jianjie\" \/>\n<meta property=\"og:locale\" content=\"tr_TR\" \/>\n<meta property=\"og:type\" content=\"article\" \/>\n<meta property=\"og:title\" content=\"\u015eirket Profili - Shenzhen Xinjiusheng Automation Equipment Co., Ltd\" \/>\n<meta property=\"og:description\" content=\"Shenzhen Xinjiusheng Automation Equipment Co., Ltd. bir y\u00fcksek teknoloji \u015firketi, d\u00fcnyaya ilk s\u0131n\u0131f, ortadan y\u00fcksek s\u0131n\u0131f, y\u00fczeysel da\u011f makinelerinin ara\u015ft\u0131rmalar\u0131n\u0131 ve geli\u015ftirmelerini destekleyen bir ara\u015ft\u0131rma, \u00fcretim, sat\u0131\u015f ve hizmetini sa\u011flayan bir yerdir. Modern y\u00f6netim konseptlerine ve bilimsel yenileme ruhuna dayanarak, profesyonel \u00fcretim, teknolojik yenileme ve geli\u015ftirme payla\u015f\u0131m\u0131n\u0131n de\u011ferlerine uyuyor. S\u0131cak sistemler ve s\u00fcre\u00e7ler, g\u00fcvenilir \u00fcr\u00fcnler [&hellip;]\" \/>\n<meta property=\"og:url\" content=\"https:\/\/www.xjssmt.com\/about\/jianjie\" \/>\n<meta property=\"og:site_name\" content=\"Shenzhen Xinjiusheng Automation Equipment Co., Ltd\" \/>\n<meta property=\"article:modified_time\" content=\"2025-07-16T12:58:16+00:00\" \/>\n<meta name=\"twitter:card\" content=\"summary_large_image\" \/>\n<meta name=\"twitter:label1\" content=\"Est. reading time\" \/>\n\t<meta name=\"twitter:data1\" content=\"1 dakika\" \/>\n<script type=\"application\/ld+json\" class=\"yoast-schema-graph\">{\"@context\":\"https:\/\/schema.org\",\"@graph\":[{\"@type\":\"WebPage\",\"@id\":\"https:\/\/www.xjssmt.com\/about\/jianjie\",\"url\":\"https:\/\/www.xjssmt.com\/about\/jianjie\",\"name\":\"\u015eirket Profili - Shenzhen Xinjiusheng Automation Equipment Co., Ltd\",\"isPartOf\":{\"@id\":\"https:\/\/www.xjssmt.com\/#website\"},\"datePublished\":\"2020-04-27T06:50:35+00:00\",\"dateModified\":\"2025-07-16T12:58:16+00:00\",\"breadcrumb\":{\"@id\":\"https:\/\/www.xjssmt.com\/about\/jianjie#breadcrumb\"},\"inLanguage\":\"tr\",\"potentialAction\":[{\"@type\":\"ReadAction\",\"target\":[\"https:\/\/www.xjssmt.com\/about\/jianjie\"]}]},{\"@type\":\"BreadcrumbList\",\"@id\":\"https:\/\/www.xjssmt.com\/about\/jianjie#breadcrumb\",\"itemListElement\":[{\"@type\":\"ListItem\",\"position\":1,\"name\":\"Home\",\"item\":\"https:\/\/www.xjssmt.com\/tr\"},{\"@type\":\"ListItem\",\"position\":2,\"name\":\"Bizim hakk\u0131m\u0131zda.\",\"item\":\"https:\/\/www.xjssmt.com\/about\"},{\"@type\":\"ListItem\",\"position\":3,\"name\":\"\u015eirket Profili\"}]},{\"@type\":\"WebSite\",\"@id\":\"https:\/\/www.xjssmt.com\/#website\",\"url\":\"https:\/\/www.xjssmt.com\/\",\"name\":\"Shenzhen Xinjiusheng Automation Equipment Co., Ltd\",\"description\":\"Shenzhen XJS Automation\",\"publisher\":{\"@id\":\"https:\/\/www.xjssmt.com\/#organization\"},\"alternateName\":\"Shenzhen XJS Automation\",\"potentialAction\":[{\"@type\":\"SearchAction\",\"target\":{\"@type\":\"EntryPoint\",\"urlTemplate\":\"https:\/\/www.xjssmt.com\/?s={search_term_string}\"},\"query-input\":{\"@type\":\"PropertyValueSpecification\",\"valueRequired\":true,\"valueName\":\"search_term_string\"}}],\"inLanguage\":\"tr\"},{\"@type\":\"Organization\",\"@id\":\"https:\/\/www.xjssmt.com\/#organization\",\"name\":\"Shenzhen Xinjiusheng Automation Equipment Co., Ltd\",\"url\":\"https:\/\/www.xjssmt.com\/\",\"logo\":{\"@type\":\"ImageObject\",\"inLanguage\":\"tr\",\"@id\":\"https:\/\/www.xjssmt.com\/#\/schema\/logo\/image\/\",\"url\":\"https:\/\/www.xjssmt.com\/wp-content\/uploads\/2021\/10\/2021100622441533.png\",\"contentUrl\":\"https:\/\/www.xjssmt.com\/wp-content\/uploads\/2021\/10\/2021100622441533.png\",\"width\":302,\"height\":60,\"caption\":\"Shenzhen Xinjiusheng Automation Equipment Co., Ltd\"},\"image\":{\"@id\":\"https:\/\/www.xjssmt.com\/#\/schema\/logo\/image\/\"}}]}<\/script>\n<!-- \/ Yoast SEO plugin. -->","yoast_head_json":{"title":"\u015eirket Profili - Shenzhen Xinjiusheng Automation Equipment Co., Ltd","robots":{"index":"index","follow":"follow","max-snippet":"max-snippet:-1","max-image-preview":"max-image-preview:large","max-video-preview":"max-video-preview:-1"},"canonical":"https:\/\/www.xjssmt.com\/about\/jianjie","og_locale":"tr_TR","og_type":"article","og_title":"\u015eirket Profili - Shenzhen Xinjiusheng Automation Equipment Co., Ltd","og_description":"Shenzhen Xinjiusheng Automation Equipment Co., Ltd. bir y\u00fcksek teknoloji \u015firketi, d\u00fcnyaya ilk s\u0131n\u0131f, ortadan y\u00fcksek s\u0131n\u0131f, y\u00fczeysel da\u011f makinelerinin ara\u015ft\u0131rmalar\u0131n\u0131 ve geli\u015ftirmelerini destekleyen bir ara\u015ft\u0131rma, \u00fcretim, sat\u0131\u015f ve hizmetini sa\u011flayan bir yerdir. Modern y\u00f6netim konseptlerine ve bilimsel yenileme ruhuna dayanarak, profesyonel \u00fcretim, teknolojik yenileme ve geli\u015ftirme payla\u015f\u0131m\u0131n\u0131n de\u011ferlerine uyuyor. S\u0131cak sistemler ve s\u00fcre\u00e7ler, g\u00fcvenilir \u00fcr\u00fcnler [&hellip;]","og_url":"https:\/\/www.xjssmt.com\/about\/jianjie","og_site_name":"Shenzhen Xinjiusheng Automation Equipment Co., Ltd","article_modified_time":"2025-07-16T12:58:16+00:00","twitter_card":"summary_large_image","twitter_misc":{"Est. reading time":"1 dakika"},"schema":{"@context":"https:\/\/schema.org","@graph":[{"@type":"WebPage","@id":"https:\/\/www.xjssmt.com\/about\/jianjie","url":"https:\/\/www.xjssmt.com\/about\/jianjie","name":"\u015eirket Profili - Shenzhen Xinjiusheng Automation Equipment Co., Ltd","isPartOf":{"@id":"https:\/\/www.xjssmt.com\/#website"},"datePublished":"2020-04-27T06:50:35+00:00","dateModified":"2025-07-16T12:58:16+00:00","breadcrumb":{"@id":"https:\/\/www.xjssmt.com\/about\/jianjie#breadcrumb"},"inLanguage":"tr","potentialAction":[{"@type":"ReadAction","target":["https:\/\/www.xjssmt.com\/about\/jianjie"]}]},{"@type":"BreadcrumbList","@id":"https:\/\/www.xjssmt.com\/about\/jianjie#breadcrumb","itemListElement":[{"@type":"ListItem","position":1,"name":"Home","item":"https:\/\/www.xjssmt.com\/tr"},{"@type":"ListItem","position":2,"name":"Bizim hakk\u0131m\u0131zda.","item":"https:\/\/www.xjssmt.com\/about"},{"@type":"ListItem","position":3,"name":"\u015eirket Profili"}]},{"@type":"WebSite","@id":"https:\/\/www.xjssmt.com\/#website","url":"https:\/\/www.xjssmt.com\/","name":"Shenzhen Xinjiusheng Automation Equipment Co., Ltd","description":"Shenzhen XJS Automation","publisher":{"@id":"https:\/\/www.xjssmt.com\/#organization"},"alternateName":"Shenzhen XJS Automation","potentialAction":[{"@type":"SearchAction","target":{"@type":"EntryPoint","urlTemplate":"https:\/\/www.xjssmt.com\/?s={search_term_string}"},"query-input":{"@type":"PropertyValueSpecification","valueRequired":true,"valueName":"search_term_string"}}],"inLanguage":"tr"},{"@type":"Organization","@id":"https:\/\/www.xjssmt.com\/#organization","name":"Shenzhen Xinjiusheng Automation Equipment Co., Ltd","url":"https:\/\/www.xjssmt.com\/","logo":{"@type":"ImageObject","inLanguage":"tr","@id":"https:\/\/www.xjssmt.com\/#\/schema\/logo\/image\/","url":"https:\/\/www.xjssmt.com\/wp-content\/uploads\/2021\/10\/2021100622441533.png","contentUrl":"https:\/\/www.xjssmt.com\/wp-content\/uploads\/2021\/10\/2021100622441533.png","width":302,"height":60,"caption":"Shenzhen Xinjiusheng Automation Equipment Co., Ltd"},"image":{"@id":"https:\/\/www.xjssmt.com\/#\/schema\/logo\/image\/"}}]}},"_links":{"self":[{"href":"https:\/\/www.xjssmt.com\/tr\/wp-json\/wp\/v2\/pages\/4593","targetHints":{"allow":["GET"]}}],"collection":[{"href":"https:\/\/www.xjssmt.com\/tr\/wp-json\/wp\/v2\/pages"}],"about":[{"href":"https:\/\/www.xjssmt.com\/tr\/wp-json\/wp\/v2\/types\/page"}],"author":[{"embeddable":true,"href":"https:\/\/www.xjssmt.com\/tr\/wp-json\/wp\/v2\/users\/1"}],"replies":[{"embeddable":true,"href":"https:\/\/www.xjssmt.com\/tr\/wp-json\/wp\/v2\/comments?post=4593"}],"version-history":[{"count":0,"href":"https:\/\/www.xjssmt.com\/tr\/wp-json\/wp\/v2\/pages\/4593\/revisions"}],"up":[{"embeddable":true,"href":"https:\/\/www.xjssmt.com\/tr\/wp-json\/wp\/v2\/pages\/4592"}],"wp:attachment":[{"href":"https:\/\/www.xjssmt.com\/tr\/wp-json\/wp\/v2\/media?parent=4593"}],"curies":[{"name":"wp","href":"https:\/\/api.w.org\/{rel}","templated":true}]}}