{"id":4595,"date":"2020-04-27T14:52:16","date_gmt":"2020-04-27T06:52:16","guid":{"rendered":"https:\/\/www.xjssmt.com\/bizim-hakkimizda\/sayin-yargic"},"modified":"2025-07-17T20:55:44","modified_gmt":"2025-07-17T12:55:44","slug":"sayin-yargic","status":"publish","type":"page","link":"https:\/\/www.xjssmt.com\/tr\/bizim-hakkimizda\/sayin-yargic","title":{"rendered":"Say\u0131n Yarg\u0131\u00e7."},"content":{"rendered":"<h1><span style=\"font-size: 18pt;\">K\u00fcresel Sertifikalar ve \u00d6d\u00fcller ile End\u00fcstri Lideri SMT Makine \u00dcretimi<\/span><\/h1>\n<h2><span style=\"font-size: 14pt;\">SMT Makinesi \u0130\u00e7in Sertifikalar<\/span><\/h2>\n<p><img loading=\"lazy\" decoding=\"async\" width=\"746\" height=\"354\" class=\"alignnone size-full wp-image-5014\" src=\"https:\/\/www.xjssmt.com\/wp-content\/uploads\/2025\/07\/2025071720434259.jpg\" alt=\"\" \/><\/p>\n<h2><span style=\"font-size: 14pt;\">M\u00fc\u015fteriler<\/span><\/h2>\n<p><img loading=\"lazy\" decoding=\"async\" width=\"746\" height=\"378\" class=\"alignnone size-full wp-image-5021\" src=\"https:\/\/www.xjssmt.com\/wp-content\/uploads\/2025\/07\/2025071720440059.jpg\" alt=\"\" \/><\/p>\n","protected":false},"excerpt":{"rendered":"<p>K\u00fcresel Sertifikalar ve \u00d6d\u00fcller ile End\u00fcstri Lideri SMT Makine \u00dcretimi SMT Makinesi \u0130\u00e7in Sertifikalar M\u00fc\u015fteriler<\/p>\n","protected":false},"author":1,"featured_media":0,"parent":4592,"menu_order":35,"comment_status":"closed","ping_status":"closed","template":"","meta":{"footnotes":""},"class_list":["post-4595","page","type-page","status-publish","hentry"],"acf":[],"yoast_head":"<!-- This site is optimized with the Yoast SEO plugin v25.9 - https:\/\/yoast.com\/wordpress\/plugins\/seo\/ -->\n<title>Say\u0131n Yarg\u0131\u00e7. - Shenzhen Xinjiusheng Automation Equipment Co., Ltd<\/title>\n<meta name=\"robots\" content=\"index, follow, max-snippet:-1, max-image-preview:large, max-video-preview:-1\" \/>\n<link rel=\"canonical\" href=\"https:\/\/www.xjssmt.com\/about\/honor\" \/>\n<meta property=\"og:locale\" content=\"tr_TR\" \/>\n<meta property=\"og:type\" content=\"article\" \/>\n<meta property=\"og:title\" content=\"Say\u0131n Yarg\u0131\u00e7. - Shenzhen Xinjiusheng Automation Equipment Co., Ltd\" \/>\n<meta property=\"og:description\" content=\"K\u00fcresel Sertifikalar ve \u00d6d\u00fcller ile End\u00fcstri Lideri SMT Makine \u00dcretimi SMT Makinesi \u0130\u00e7in Sertifikalar M\u00fc\u015fteriler\" \/>\n<meta property=\"og:url\" content=\"https:\/\/www.xjssmt.com\/about\/honor\" \/>\n<meta property=\"og:site_name\" content=\"Shenzhen Xinjiusheng Automation Equipment Co., Ltd\" \/>\n<meta property=\"article:modified_time\" content=\"2025-07-17T12:55:44+00:00\" \/>\n<meta property=\"og:image\" content=\"https:\/\/www.xjssmt.com\/wp-content\/uploads\/2025\/07\/2025071720434259.jpg\" \/>\n\t<meta property=\"og:image:width\" content=\"746\" \/>\n\t<meta property=\"og:image:height\" content=\"354\" \/>\n\t<meta property=\"og:image:type\" content=\"image\/jpeg\" \/>\n<meta name=\"twitter:card\" content=\"summary_large_image\" \/>\n<script type=\"application\/ld+json\" class=\"yoast-schema-graph\">{\"@context\":\"https:\/\/schema.org\",\"@graph\":[{\"@type\":\"WebPage\",\"@id\":\"https:\/\/www.xjssmt.com\/about\/honor\",\"url\":\"https:\/\/www.xjssmt.com\/about\/honor\",\"name\":\"Say\u0131n Yarg\u0131\u00e7. - Shenzhen Xinjiusheng Automation Equipment Co., Ltd\",\"isPartOf\":{\"@id\":\"https:\/\/www.xjssmt.com\/#website\"},\"primaryImageOfPage\":{\"@id\":\"https:\/\/www.xjssmt.com\/about\/honor#primaryimage\"},\"image\":{\"@id\":\"https:\/\/www.xjssmt.com\/about\/honor#primaryimage\"},\"thumbnailUrl\":\"https:\/\/www.xjssmt.com\/wp-content\/uploads\/2025\/07\/2025071720434259.jpg\",\"datePublished\":\"2020-04-27T06:52:16+00:00\",\"dateModified\":\"2025-07-17T12:55:44+00:00\",\"breadcrumb\":{\"@id\":\"https:\/\/www.xjssmt.com\/about\/honor#breadcrumb\"},\"inLanguage\":\"tr\",\"potentialAction\":[{\"@type\":\"ReadAction\",\"target\":[\"https:\/\/www.xjssmt.com\/about\/honor\"]}]},{\"@type\":\"ImageObject\",\"inLanguage\":\"tr\",\"@id\":\"https:\/\/www.xjssmt.com\/about\/honor#primaryimage\",\"url\":\"https:\/\/www.xjssmt.com\/wp-content\/uploads\/2025\/07\/2025071720434259.jpg\",\"contentUrl\":\"https:\/\/www.xjssmt.com\/wp-content\/uploads\/2025\/07\/2025071720434259.jpg\"},{\"@type\":\"BreadcrumbList\",\"@id\":\"https:\/\/www.xjssmt.com\/about\/honor#breadcrumb\",\"itemListElement\":[{\"@type\":\"ListItem\",\"position\":1,\"name\":\"Home\",\"item\":\"https:\/\/www.xjssmt.com\/tr\"},{\"@type\":\"ListItem\",\"position\":2,\"name\":\"Bizim hakk\u0131m\u0131zda.\",\"item\":\"https:\/\/www.xjssmt.com\/about\"},{\"@type\":\"ListItem\",\"position\":3,\"name\":\"Say\u0131n Yarg\u0131\u00e7.\"}]},{\"@type\":\"WebSite\",\"@id\":\"https:\/\/www.xjssmt.com\/#website\",\"url\":\"https:\/\/www.xjssmt.com\/\",\"name\":\"Shenzhen Xinjiusheng Automation Equipment Co., Ltd\",\"description\":\"Shenzhen XJS Automation\",\"publisher\":{\"@id\":\"https:\/\/www.xjssmt.com\/#organization\"},\"alternateName\":\"Shenzhen XJS Automation\",\"potentialAction\":[{\"@type\":\"SearchAction\",\"target\":{\"@type\":\"EntryPoint\",\"urlTemplate\":\"https:\/\/www.xjssmt.com\/?s={search_term_string}\"},\"query-input\":{\"@type\":\"PropertyValueSpecification\",\"valueRequired\":true,\"valueName\":\"search_term_string\"}}],\"inLanguage\":\"tr\"},{\"@type\":\"Organization\",\"@id\":\"https:\/\/www.xjssmt.com\/#organization\",\"name\":\"Shenzhen Xinjiusheng Automation Equipment Co., Ltd\",\"url\":\"https:\/\/www.xjssmt.com\/\",\"logo\":{\"@type\":\"ImageObject\",\"inLanguage\":\"tr\",\"@id\":\"https:\/\/www.xjssmt.com\/#\/schema\/logo\/image\/\",\"url\":\"https:\/\/www.xjssmt.com\/wp-content\/uploads\/2021\/10\/2021100622441533.png\",\"contentUrl\":\"https:\/\/www.xjssmt.com\/wp-content\/uploads\/2021\/10\/2021100622441533.png\",\"width\":302,\"height\":60,\"caption\":\"Shenzhen Xinjiusheng Automation Equipment Co., Ltd\"},\"image\":{\"@id\":\"https:\/\/www.xjssmt.com\/#\/schema\/logo\/image\/\"}}]}<\/script>\n<!-- \/ Yoast SEO plugin. -->","yoast_head_json":{"title":"Say\u0131n Yarg\u0131\u00e7. - Shenzhen Xinjiusheng Automation Equipment Co., Ltd","robots":{"index":"index","follow":"follow","max-snippet":"max-snippet:-1","max-image-preview":"max-image-preview:large","max-video-preview":"max-video-preview:-1"},"canonical":"https:\/\/www.xjssmt.com\/about\/honor","og_locale":"tr_TR","og_type":"article","og_title":"Say\u0131n Yarg\u0131\u00e7. - Shenzhen Xinjiusheng Automation Equipment Co., Ltd","og_description":"K\u00fcresel Sertifikalar ve \u00d6d\u00fcller ile End\u00fcstri Lideri SMT Makine \u00dcretimi SMT Makinesi \u0130\u00e7in Sertifikalar M\u00fc\u015fteriler","og_url":"https:\/\/www.xjssmt.com\/about\/honor","og_site_name":"Shenzhen Xinjiusheng Automation Equipment Co., Ltd","article_modified_time":"2025-07-17T12:55:44+00:00","og_image":[{"width":746,"height":354,"url":"https:\/\/www.xjssmt.com\/wp-content\/uploads\/2025\/07\/2025071720434259.jpg","type":"image\/jpeg"}],"twitter_card":"summary_large_image","schema":{"@context":"https:\/\/schema.org","@graph":[{"@type":"WebPage","@id":"https:\/\/www.xjssmt.com\/about\/honor","url":"https:\/\/www.xjssmt.com\/about\/honor","name":"Say\u0131n Yarg\u0131\u00e7. - Shenzhen Xinjiusheng Automation Equipment Co., Ltd","isPartOf":{"@id":"https:\/\/www.xjssmt.com\/#website"},"primaryImageOfPage":{"@id":"https:\/\/www.xjssmt.com\/about\/honor#primaryimage"},"image":{"@id":"https:\/\/www.xjssmt.com\/about\/honor#primaryimage"},"thumbnailUrl":"https:\/\/www.xjssmt.com\/wp-content\/uploads\/2025\/07\/2025071720434259.jpg","datePublished":"2020-04-27T06:52:16+00:00","dateModified":"2025-07-17T12:55:44+00:00","breadcrumb":{"@id":"https:\/\/www.xjssmt.com\/about\/honor#breadcrumb"},"inLanguage":"tr","potentialAction":[{"@type":"ReadAction","target":["https:\/\/www.xjssmt.com\/about\/honor"]}]},{"@type":"ImageObject","inLanguage":"tr","@id":"https:\/\/www.xjssmt.com\/about\/honor#primaryimage","url":"https:\/\/www.xjssmt.com\/wp-content\/uploads\/2025\/07\/2025071720434259.jpg","contentUrl":"https:\/\/www.xjssmt.com\/wp-content\/uploads\/2025\/07\/2025071720434259.jpg"},{"@type":"BreadcrumbList","@id":"https:\/\/www.xjssmt.com\/about\/honor#breadcrumb","itemListElement":[{"@type":"ListItem","position":1,"name":"Home","item":"https:\/\/www.xjssmt.com\/tr"},{"@type":"ListItem","position":2,"name":"Bizim hakk\u0131m\u0131zda.","item":"https:\/\/www.xjssmt.com\/about"},{"@type":"ListItem","position":3,"name":"Say\u0131n Yarg\u0131\u00e7."}]},{"@type":"WebSite","@id":"https:\/\/www.xjssmt.com\/#website","url":"https:\/\/www.xjssmt.com\/","name":"Shenzhen Xinjiusheng Automation Equipment Co., Ltd","description":"Shenzhen XJS Automation","publisher":{"@id":"https:\/\/www.xjssmt.com\/#organization"},"alternateName":"Shenzhen XJS Automation","potentialAction":[{"@type":"SearchAction","target":{"@type":"EntryPoint","urlTemplate":"https:\/\/www.xjssmt.com\/?s={search_term_string}"},"query-input":{"@type":"PropertyValueSpecification","valueRequired":true,"valueName":"search_term_string"}}],"inLanguage":"tr"},{"@type":"Organization","@id":"https:\/\/www.xjssmt.com\/#organization","name":"Shenzhen Xinjiusheng Automation Equipment Co., Ltd","url":"https:\/\/www.xjssmt.com\/","logo":{"@type":"ImageObject","inLanguage":"tr","@id":"https:\/\/www.xjssmt.com\/#\/schema\/logo\/image\/","url":"https:\/\/www.xjssmt.com\/wp-content\/uploads\/2021\/10\/2021100622441533.png","contentUrl":"https:\/\/www.xjssmt.com\/wp-content\/uploads\/2021\/10\/2021100622441533.png","width":302,"height":60,"caption":"Shenzhen Xinjiusheng Automation Equipment Co., Ltd"},"image":{"@id":"https:\/\/www.xjssmt.com\/#\/schema\/logo\/image\/"}}]}},"_links":{"self":[{"href":"https:\/\/www.xjssmt.com\/tr\/wp-json\/wp\/v2\/pages\/4595","targetHints":{"allow":["GET"]}}],"collection":[{"href":"https:\/\/www.xjssmt.com\/tr\/wp-json\/wp\/v2\/pages"}],"about":[{"href":"https:\/\/www.xjssmt.com\/tr\/wp-json\/wp\/v2\/types\/page"}],"author":[{"embeddable":true,"href":"https:\/\/www.xjssmt.com\/tr\/wp-json\/wp\/v2\/users\/1"}],"replies":[{"embeddable":true,"href":"https:\/\/www.xjssmt.com\/tr\/wp-json\/wp\/v2\/comments?post=4595"}],"version-history":[{"count":0,"href":"https:\/\/www.xjssmt.com\/tr\/wp-json\/wp\/v2\/pages\/4595\/revisions"}],"up":[{"embeddable":true,"href":"https:\/\/www.xjssmt.com\/tr\/wp-json\/wp\/v2\/pages\/4592"}],"wp:attachment":[{"href":"https:\/\/www.xjssmt.com\/tr\/wp-json\/wp\/v2\/media?parent=4595"}],"curies":[{"name":"wp","href":"https:\/\/api.w.org\/{rel}","templated":true}]}}