{"id":4597,"date":"2020-04-27T14:54:34","date_gmt":"2020-04-27T06:54:34","guid":{"rendered":"https:\/\/www.xjssmt.com\/bizimle-temas-edin"},"modified":"2025-07-19T18:06:10","modified_gmt":"2025-07-19T10:06:10","slug":"bizimle-temas-edin","status":"publish","type":"page","link":"https:\/\/www.xjssmt.com\/tr\/bizimle-temas-edin","title":{"rendered":"Bizimle temas edin"},"content":{"rendered":"<p>Shenzhen Xinjiusheng Automation Equipment Co, Ltd<br \/>\nGlobal Services:<br \/>\nADD\uff1a3. Kat, B Binas\u0131, No.16 Giri\u015fimcilik End\u00fcstri Park\u0131, Shapuwei Toplulu\u011fu, Songgang Caddesi, Bao&#8217;an B\u00f6lgesi, Shenzhen<br \/>\nTEL\uff1a0755-36989394<br \/>\nFAX\uff1a0755-85278689<br \/>\nMOB\uff1a Miss. Luo 13077867711<\/p>\n<p>E-posta\uff1agwautomation888@gmail.com<\/p>\n<p>\u015eik\u00e2yet Hatt\u0131\uff1a13077867711<br \/>\nM\u00fc\u015fteri Hizmetleri Telefon Numaralar\u0131\uff1a13480160126<br \/>\n\u015eirket Web Sitesi\uff1awww.xjssmt.com<\/p>\n","protected":false},"excerpt":{"rendered":"<p>Shenzhen Xinjiusheng Automation Equipment Co, Ltd Global Services: ADD\uff1a3. Kat, B Binas\u0131, No.16 Giri\u015fimcilik End\u00fcstri Park\u0131, Shapuwei Toplulu\u011fu, Songgang Caddesi, Bao&#8217;an B\u00f6lgesi, Shenzhen TEL\uff1a0755-36989394 FAX\uff1a0755-85278689 MOB\uff1a Miss. Luo 13077867711 E-posta\uff1agwautomation888@gmail.com \u015eik\u00e2yet Hatt\u0131\uff1a13077867711 M\u00fc\u015fteri Hizmetleri Telefon Numaralar\u0131\uff1a13480160126 \u015eirket Web Sitesi\uff1awww.xjssmt.com<\/p>\n","protected":false},"author":1,"featured_media":0,"parent":0,"menu_order":49,"comment_status":"closed","ping_status":"closed","template":"page-contact.php","meta":{"footnotes":""},"class_list":["post-4597","page","type-page","status-publish","hentry"],"acf":[],"yoast_head":"<!-- This site is optimized with the Yoast SEO plugin v25.9 - https:\/\/yoast.com\/wordpress\/plugins\/seo\/ -->\n<title>Bizimle temas edin - Shenzhen Xinjiusheng Automation Equipment Co., Ltd<\/title>\n<meta name=\"robots\" content=\"index, follow, max-snippet:-1, max-image-preview:large, max-video-preview:-1\" \/>\n<link rel=\"canonical\" href=\"https:\/\/www.xjssmt.com\/contact\" \/>\n<meta property=\"og:locale\" content=\"tr_TR\" \/>\n<meta property=\"og:type\" content=\"article\" \/>\n<meta property=\"og:title\" content=\"Bizimle temas edin - Shenzhen Xinjiusheng Automation Equipment Co., Ltd\" \/>\n<meta property=\"og:description\" content=\"Shenzhen Xinjiusheng Automation Equipment Co, Ltd Global Services: ADD\uff1a3. Kat, B Binas\u0131, No.16 Giri\u015fimcilik End\u00fcstri Park\u0131, Shapuwei Toplulu\u011fu, Songgang Caddesi, Bao&#8217;an B\u00f6lgesi, Shenzhen TEL\uff1a0755-36989394 FAX\uff1a0755-85278689 MOB\uff1a Miss. Luo 13077867711 E-posta\uff1agwautomation888@gmail.com \u015eik\u00e2yet Hatt\u0131\uff1a13077867711 M\u00fc\u015fteri Hizmetleri Telefon Numaralar\u0131\uff1a13480160126 \u015eirket Web Sitesi\uff1awww.xjssmt.com\" \/>\n<meta property=\"og:url\" content=\"https:\/\/www.xjssmt.com\/contact\" \/>\n<meta property=\"og:site_name\" content=\"Shenzhen Xinjiusheng Automation Equipment Co., Ltd\" \/>\n<meta property=\"article:modified_time\" content=\"2025-07-19T10:06:10+00:00\" \/>\n<meta name=\"twitter:card\" content=\"summary_large_image\" \/>\n<script type=\"application\/ld+json\" class=\"yoast-schema-graph\">{\"@context\":\"https:\/\/schema.org\",\"@graph\":[{\"@type\":\"WebPage\",\"@id\":\"https:\/\/www.xjssmt.com\/contact\",\"url\":\"https:\/\/www.xjssmt.com\/contact\",\"name\":\"Bizimle temas edin - Shenzhen Xinjiusheng Automation Equipment Co., Ltd\",\"isPartOf\":{\"@id\":\"https:\/\/www.xjssmt.com\/#website\"},\"datePublished\":\"2020-04-27T06:54:34+00:00\",\"dateModified\":\"2025-07-19T10:06:10+00:00\",\"breadcrumb\":{\"@id\":\"https:\/\/www.xjssmt.com\/contact#breadcrumb\"},\"inLanguage\":\"tr\",\"potentialAction\":[{\"@type\":\"ReadAction\",\"target\":[\"https:\/\/www.xjssmt.com\/contact\"]}]},{\"@type\":\"BreadcrumbList\",\"@id\":\"https:\/\/www.xjssmt.com\/contact#breadcrumb\",\"itemListElement\":[{\"@type\":\"ListItem\",\"position\":1,\"name\":\"Home\",\"item\":\"https:\/\/www.xjssmt.com\/tr\"},{\"@type\":\"ListItem\",\"position\":2,\"name\":\"Bizimle temas edin\"}]},{\"@type\":\"WebSite\",\"@id\":\"https:\/\/www.xjssmt.com\/#website\",\"url\":\"https:\/\/www.xjssmt.com\/\",\"name\":\"Shenzhen Xinjiusheng Automation Equipment Co., Ltd\",\"description\":\"Shenzhen XJS Automation\",\"publisher\":{\"@id\":\"https:\/\/www.xjssmt.com\/#organization\"},\"alternateName\":\"Shenzhen XJS Automation\",\"potentialAction\":[{\"@type\":\"SearchAction\",\"target\":{\"@type\":\"EntryPoint\",\"urlTemplate\":\"https:\/\/www.xjssmt.com\/?s={search_term_string}\"},\"query-input\":{\"@type\":\"PropertyValueSpecification\",\"valueRequired\":true,\"valueName\":\"search_term_string\"}}],\"inLanguage\":\"tr\"},{\"@type\":\"Organization\",\"@id\":\"https:\/\/www.xjssmt.com\/#organization\",\"name\":\"Shenzhen Xinjiusheng Automation Equipment Co., Ltd\",\"url\":\"https:\/\/www.xjssmt.com\/\",\"logo\":{\"@type\":\"ImageObject\",\"inLanguage\":\"tr\",\"@id\":\"https:\/\/www.xjssmt.com\/#\/schema\/logo\/image\/\",\"url\":\"https:\/\/www.xjssmt.com\/wp-content\/uploads\/2021\/10\/2021100622441533.png\",\"contentUrl\":\"https:\/\/www.xjssmt.com\/wp-content\/uploads\/2021\/10\/2021100622441533.png\",\"width\":302,\"height\":60,\"caption\":\"Shenzhen Xinjiusheng Automation Equipment Co., Ltd\"},\"image\":{\"@id\":\"https:\/\/www.xjssmt.com\/#\/schema\/logo\/image\/\"}}]}<\/script>\n<!-- \/ Yoast SEO plugin. -->","yoast_head_json":{"title":"Bizimle temas edin - Shenzhen Xinjiusheng Automation Equipment Co., Ltd","robots":{"index":"index","follow":"follow","max-snippet":"max-snippet:-1","max-image-preview":"max-image-preview:large","max-video-preview":"max-video-preview:-1"},"canonical":"https:\/\/www.xjssmt.com\/contact","og_locale":"tr_TR","og_type":"article","og_title":"Bizimle temas edin - Shenzhen Xinjiusheng Automation Equipment Co., Ltd","og_description":"Shenzhen Xinjiusheng Automation Equipment Co, Ltd Global Services: ADD\uff1a3. Kat, B Binas\u0131, No.16 Giri\u015fimcilik End\u00fcstri Park\u0131, Shapuwei Toplulu\u011fu, Songgang Caddesi, Bao&#8217;an B\u00f6lgesi, Shenzhen TEL\uff1a0755-36989394 FAX\uff1a0755-85278689 MOB\uff1a Miss. Luo 13077867711 E-posta\uff1agwautomation888@gmail.com \u015eik\u00e2yet Hatt\u0131\uff1a13077867711 M\u00fc\u015fteri Hizmetleri Telefon Numaralar\u0131\uff1a13480160126 \u015eirket Web Sitesi\uff1awww.xjssmt.com","og_url":"https:\/\/www.xjssmt.com\/contact","og_site_name":"Shenzhen Xinjiusheng Automation Equipment Co., Ltd","article_modified_time":"2025-07-19T10:06:10+00:00","twitter_card":"summary_large_image","schema":{"@context":"https:\/\/schema.org","@graph":[{"@type":"WebPage","@id":"https:\/\/www.xjssmt.com\/contact","url":"https:\/\/www.xjssmt.com\/contact","name":"Bizimle temas edin - Shenzhen Xinjiusheng Automation Equipment Co., Ltd","isPartOf":{"@id":"https:\/\/www.xjssmt.com\/#website"},"datePublished":"2020-04-27T06:54:34+00:00","dateModified":"2025-07-19T10:06:10+00:00","breadcrumb":{"@id":"https:\/\/www.xjssmt.com\/contact#breadcrumb"},"inLanguage":"tr","potentialAction":[{"@type":"ReadAction","target":["https:\/\/www.xjssmt.com\/contact"]}]},{"@type":"BreadcrumbList","@id":"https:\/\/www.xjssmt.com\/contact#breadcrumb","itemListElement":[{"@type":"ListItem","position":1,"name":"Home","item":"https:\/\/www.xjssmt.com\/tr"},{"@type":"ListItem","position":2,"name":"Bizimle temas edin"}]},{"@type":"WebSite","@id":"https:\/\/www.xjssmt.com\/#website","url":"https:\/\/www.xjssmt.com\/","name":"Shenzhen Xinjiusheng Automation Equipment Co., Ltd","description":"Shenzhen XJS Automation","publisher":{"@id":"https:\/\/www.xjssmt.com\/#organization"},"alternateName":"Shenzhen XJS Automation","potentialAction":[{"@type":"SearchAction","target":{"@type":"EntryPoint","urlTemplate":"https:\/\/www.xjssmt.com\/?s={search_term_string}"},"query-input":{"@type":"PropertyValueSpecification","valueRequired":true,"valueName":"search_term_string"}}],"inLanguage":"tr"},{"@type":"Organization","@id":"https:\/\/www.xjssmt.com\/#organization","name":"Shenzhen Xinjiusheng Automation Equipment Co., Ltd","url":"https:\/\/www.xjssmt.com\/","logo":{"@type":"ImageObject","inLanguage":"tr","@id":"https:\/\/www.xjssmt.com\/#\/schema\/logo\/image\/","url":"https:\/\/www.xjssmt.com\/wp-content\/uploads\/2021\/10\/2021100622441533.png","contentUrl":"https:\/\/www.xjssmt.com\/wp-content\/uploads\/2021\/10\/2021100622441533.png","width":302,"height":60,"caption":"Shenzhen Xinjiusheng Automation Equipment Co., Ltd"},"image":{"@id":"https:\/\/www.xjssmt.com\/#\/schema\/logo\/image\/"}}]}},"_links":{"self":[{"href":"https:\/\/www.xjssmt.com\/tr\/wp-json\/wp\/v2\/pages\/4597","targetHints":{"allow":["GET"]}}],"collection":[{"href":"https:\/\/www.xjssmt.com\/tr\/wp-json\/wp\/v2\/pages"}],"about":[{"href":"https:\/\/www.xjssmt.com\/tr\/wp-json\/wp\/v2\/types\/page"}],"author":[{"embeddable":true,"href":"https:\/\/www.xjssmt.com\/tr\/wp-json\/wp\/v2\/users\/1"}],"replies":[{"embeddable":true,"href":"https:\/\/www.xjssmt.com\/tr\/wp-json\/wp\/v2\/comments?post=4597"}],"version-history":[{"count":0,"href":"https:\/\/www.xjssmt.com\/tr\/wp-json\/wp\/v2\/pages\/4597\/revisions"}],"wp:attachment":[{"href":"https:\/\/www.xjssmt.com\/tr\/wp-json\/wp\/v2\/media?parent=4597"}],"curies":[{"name":"wp","href":"https:\/\/api.w.org\/{rel}","templated":true}]}}