{"id":4785,"date":"2020-04-27T09:53:52","date_gmt":"2020-04-27T01:53:52","guid":{"rendered":"https:\/\/www.xjssmt.com\/ve-chung-toi"},"modified":"2025-07-16T20:47:57","modified_gmt":"2025-07-16T12:47:57","slug":"ve-chung-toi","status":"publish","type":"page","link":"https:\/\/www.xjssmt.com\/vi\/ve-chung-toi","title":{"rendered":"V\u1ec1 ch\u00fang t\u00f4i"},"content":{"rendered":"<p>Shenzhen Xinjiusheng Automatic Equipment Co., Ltd. l\u00e0 m\u1ed9t doanh nghi\u1ec7p c\u00f4ng ngh\u1ec7 cao cung c\u1ea5p thi\u1ebft b\u1ecb m\u00e1y d\u00e1n b\u1ec1 m\u1eb7t cao c\u1ea5p v\u00e0 thi\u1ebft b\u1ecb h\u1ed7 tr\u1ee3 R&amp;D, s\u1ea3n xu\u1ea5t, b\u00e1n h\u00e0ng v\u00e0 d\u1ecbch v\u1ee5 cho th\u1ebf gi\u1edbi. D\u1ef1a tr\u00ean kh\u00e1i ni\u1ec7m qu\u1ea3n l\u00fd hi\u1ec7n \u0111\u1ea1i v\u00e0 tinh th\u1ea7n \u0111\u1ed5i m\u1edbi khoa h\u1ecdc v\u00e0 c\u00f4ng ngh\u1ec7, ch\u00fang t\u00f4i tu\u00e2n th\u1ee7 c\u00e1c gi\u00e1 tr\u1ecb \u0111\u01b0\u1ee3c chia s\u1ebb trong s\u1ea3n xu\u1ea5t chuy\u00ean nghi\u1ec7p, \u0111\u1ed5i m\u1edbi c\u00f4ng ngh\u1ec7 v\u00e0 ph\u00e1t tri\u1ec3n. V\u1edbi h\u1ec7 th\u1ed1ng v\u00e0 quy tr\u00ecnh nghi\u00eam ng\u1eb7t, s\u1ea3n ph\u1ea9m \u0111\u00e1ng tin c\u1eady v\u00e0 d\u1ecbch v\u1ee5 chu \u0111\u00e1o, ch\u00fang t\u00f4i \u0111\u00e3 h\u1ee3p t\u00e1c v\u1edbi kh\u00e1ch h\u00e0ng, nh\u00e0 ph\u00e2n ph\u1ed1i, nh\u00e2n vi\u00ean v\u00e0 nh\u00e0 cung c\u1ea5p \u0111\u1ec3 thi\u1ebft l\u1eadp m\u1ed9t doanh nghi\u1ec7p s\u1ea3n xu\u1ea5t thi\u1ebft b\u1ecb t\u1ef1 \u0111\u1ed9ng \u0111\u1eb3ng c\u1ea5p th\u1ebf gi\u1edbi v\u1edbi n\u1ec1n t\u1ea3ng l\u00e2u d\u00e0i.<\/p>\n<p>L\u1ee3i th\u1ebf c\u1ee7a ch\u00fang t\u00f4i<\/p>\n<p>Trong qu\u00e1 tr\u00ecnh ph\u00e1t tri\u1ec3n v\u00e0 kh\u00e1m ph\u00e1 li\u00ean t\u1ee5c, Shinkyusen tu\u00e2n th\u1ee7 kh\u00e1i ni\u1ec7m &#8220;t\u1eeb ch\u1ed1i t\u1ea7m th\u01b0\u1eddng&#8221;, cam k\u1ebft nghi\u00ean c\u1ee9u v\u00e0 ph\u00e1t tri\u1ec3n, s\u1ea3n xu\u1ea5t, b\u00e1n h\u00e0ng v\u00e0 d\u1ecbch v\u1ee5 c\u1ee7a thi\u1ebft b\u1ecb g\u1eafn tr\u00ean b\u1ec1 m\u1eb7t LED cao c\u1ea5p. Hi\u1ec7n nay, n\u00f3 \u0111\u00e3 h\u00ecnh th\u00e0nh m\u1ed9t h\u1ec7 th\u1ed1ng R&amp;D khoa h\u1ecdc, ho\u00e0n ch\u1ec9nh v\u00e0 hi\u1ec7u qu\u1ea3 cao, tr\u01b0\u1edbc khi b\u00e1n v\u00e0 sau b\u00e1n h\u00e0ng. V\u1edbi ch\u1ea5t l\u01b0\u1ee3ng cao, thi\u1ebft k\u1ebf nh\u00e2n v\u0103n v\u00e0 c\u00f4ng ngh\u1ec7 l\u1eafp r\u00e1p tinh t\u1ebf, ch\u00fang t\u00f4i cung c\u1ea5p thi\u1ebft b\u1ecb ch\u1ea5t l\u01b0\u1ee3ng cao v\u00e0 d\u1ecbch v\u1ee5 hi\u1ec7u qu\u1ea3 cho kh\u00e1ch h\u00e0ng c\u00f3 gi\u00e1 tr\u1ecb c\u1ee7a ch\u00fang t\u00f4i.<\/p>\n","protected":false},"excerpt":{"rendered":"<p>Shenzhen Xinjiusheng Automatic Equipment Co., Ltd. l\u00e0 m\u1ed9t doanh nghi\u1ec7p c\u00f4ng ngh\u1ec7 cao cung c\u1ea5p thi\u1ebft b\u1ecb m\u00e1y d\u00e1n b\u1ec1 m\u1eb7t cao c\u1ea5p v\u00e0 thi\u1ebft b\u1ecb h\u1ed7 tr\u1ee3 R&amp;D, s\u1ea3n xu\u1ea5t, b\u00e1n h\u00e0ng v\u00e0 d\u1ecbch v\u1ee5 cho th\u1ebf gi\u1edbi. D\u1ef1a tr\u00ean kh\u00e1i ni\u1ec7m qu\u1ea3n l\u00fd hi\u1ec7n \u0111\u1ea1i v\u00e0 tinh th\u1ea7n \u0111\u1ed5i m\u1edbi khoa h\u1ecdc v\u00e0 [&hellip;]<\/p>\n","protected":false},"author":1,"featured_media":1932,"parent":0,"menu_order":14,"comment_status":"closed","ping_status":"closed","template":"","meta":{"footnotes":""},"class_list":["post-4785","page","type-page","status-publish","has-post-thumbnail","hentry"],"acf":[],"yoast_head":"<!-- This site is optimized with the Yoast SEO plugin v25.9 - https:\/\/yoast.com\/wordpress\/plugins\/seo\/ -->\n<title>V\u1ec1 ch\u00fang t\u00f4i - Shenzhen Xinjiusheng Automation Equipment Co., Ltd<\/title>\n<meta name=\"robots\" content=\"index, follow, max-snippet:-1, max-image-preview:large, max-video-preview:-1\" \/>\n<link rel=\"canonical\" href=\"https:\/\/www.xjssmt.com\/about\" \/>\n<meta property=\"og:locale\" content=\"vi_VN\" \/>\n<meta property=\"og:type\" content=\"article\" \/>\n<meta property=\"og:title\" content=\"V\u1ec1 ch\u00fang t\u00f4i - Shenzhen Xinjiusheng Automation Equipment Co., Ltd\" \/>\n<meta property=\"og:description\" content=\"Shenzhen Xinjiusheng Automatic Equipment Co., Ltd. l\u00e0 m\u1ed9t doanh nghi\u1ec7p c\u00f4ng ngh\u1ec7 cao cung c\u1ea5p thi\u1ebft b\u1ecb m\u00e1y d\u00e1n b\u1ec1 m\u1eb7t cao c\u1ea5p v\u00e0 thi\u1ebft b\u1ecb h\u1ed7 tr\u1ee3 R&amp;D, s\u1ea3n xu\u1ea5t, b\u00e1n h\u00e0ng v\u00e0 d\u1ecbch v\u1ee5 cho th\u1ebf gi\u1edbi. D\u1ef1a tr\u00ean kh\u00e1i ni\u1ec7m qu\u1ea3n l\u00fd hi\u1ec7n \u0111\u1ea1i v\u00e0 tinh th\u1ea7n \u0111\u1ed5i m\u1edbi khoa h\u1ecdc v\u00e0 [&hellip;]\" \/>\n<meta property=\"og:url\" content=\"https:\/\/www.xjssmt.com\/about\" \/>\n<meta property=\"og:site_name\" content=\"Shenzhen Xinjiusheng Automation Equipment Co., Ltd\" \/>\n<meta property=\"article:modified_time\" content=\"2025-07-16T12:47:57+00:00\" \/>\n<meta property=\"og:image\" content=\"https:\/\/www.xjssmt.com\/wp-content\/uploads\/2020\/04\/2020042714490462.jpg\" \/>\n\t<meta property=\"og:image:width\" content=\"600\" \/>\n\t<meta property=\"og:image:height\" content=\"340\" \/>\n\t<meta property=\"og:image:type\" content=\"image\/jpeg\" \/>\n<meta name=\"twitter:card\" content=\"summary_large_image\" \/>\n<meta name=\"twitter:label1\" content=\"Est. reading time\" \/>\n\t<meta name=\"twitter:data1\" content=\"2 minutes\" \/>\n<script type=\"application\/ld+json\" class=\"yoast-schema-graph\">{\"@context\":\"https:\/\/schema.org\",\"@graph\":[{\"@type\":\"WebPage\",\"@id\":\"https:\/\/www.xjssmt.com\/about\",\"url\":\"https:\/\/www.xjssmt.com\/about\",\"name\":\"V\u1ec1 ch\u00fang t\u00f4i - Shenzhen Xinjiusheng Automation Equipment Co., Ltd\",\"isPartOf\":{\"@id\":\"https:\/\/www.xjssmt.com\/#website\"},\"primaryImageOfPage\":{\"@id\":\"https:\/\/www.xjssmt.com\/about#primaryimage\"},\"image\":{\"@id\":\"https:\/\/www.xjssmt.com\/about#primaryimage\"},\"thumbnailUrl\":\"https:\/\/www.xjssmt.com\/wp-content\/uploads\/2020\/04\/2020042714490462.jpg\",\"datePublished\":\"2020-04-27T01:53:52+00:00\",\"dateModified\":\"2025-07-16T12:47:57+00:00\",\"breadcrumb\":{\"@id\":\"https:\/\/www.xjssmt.com\/about#breadcrumb\"},\"inLanguage\":\"vi-VN\",\"potentialAction\":[{\"@type\":\"ReadAction\",\"target\":[\"https:\/\/www.xjssmt.com\/about\"]}]},{\"@type\":\"ImageObject\",\"inLanguage\":\"vi-VN\",\"@id\":\"https:\/\/www.xjssmt.com\/about#primaryimage\",\"url\":\"https:\/\/www.xjssmt.com\/wp-content\/uploads\/2020\/04\/2020042714490462.jpg\",\"contentUrl\":\"https:\/\/www.xjssmt.com\/wp-content\/uploads\/2020\/04\/2020042714490462.jpg\",\"width\":600,\"height\":340},{\"@type\":\"BreadcrumbList\",\"@id\":\"https:\/\/www.xjssmt.com\/about#breadcrumb\",\"itemListElement\":[{\"@type\":\"ListItem\",\"position\":1,\"name\":\"Home\",\"item\":\"https:\/\/www.xjssmt.com\/\"},{\"@type\":\"ListItem\",\"position\":2,\"name\":\"V\u1ec1 ch\u00fang t\u00f4i\"}]},{\"@type\":\"WebSite\",\"@id\":\"https:\/\/www.xjssmt.com\/#website\",\"url\":\"https:\/\/www.xjssmt.com\/\",\"name\":\"Shenzhen Xinjiusheng Automation Equipment Co., Ltd\",\"description\":\"Shenzhen XJS Automation\",\"publisher\":{\"@id\":\"https:\/\/www.xjssmt.com\/#organization\"},\"alternateName\":\"Shenzhen XJS Automation\",\"potentialAction\":[{\"@type\":\"SearchAction\",\"target\":{\"@type\":\"EntryPoint\",\"urlTemplate\":\"https:\/\/www.xjssmt.com\/?s={search_term_string}\"},\"query-input\":{\"@type\":\"PropertyValueSpecification\",\"valueRequired\":true,\"valueName\":\"search_term_string\"}}],\"inLanguage\":\"vi-VN\"},{\"@type\":\"Organization\",\"@id\":\"https:\/\/www.xjssmt.com\/#organization\",\"name\":\"Shenzhen Xinjiusheng Automation Equipment Co., Ltd\",\"url\":\"https:\/\/www.xjssmt.com\/\",\"logo\":{\"@type\":\"ImageObject\",\"inLanguage\":\"vi-VN\",\"@id\":\"https:\/\/www.xjssmt.com\/#\/schema\/logo\/image\/\",\"url\":\"https:\/\/www.xjssmt.com\/wp-content\/uploads\/2021\/10\/2021100622441533.png\",\"contentUrl\":\"https:\/\/www.xjssmt.com\/wp-content\/uploads\/2021\/10\/2021100622441533.png\",\"width\":302,\"height\":60,\"caption\":\"Shenzhen Xinjiusheng Automation Equipment Co., Ltd\"},\"image\":{\"@id\":\"https:\/\/www.xjssmt.com\/#\/schema\/logo\/image\/\"}}]}<\/script>\n<!-- \/ Yoast SEO plugin. -->","yoast_head_json":{"title":"V\u1ec1 ch\u00fang t\u00f4i - Shenzhen Xinjiusheng Automation Equipment Co., Ltd","robots":{"index":"index","follow":"follow","max-snippet":"max-snippet:-1","max-image-preview":"max-image-preview:large","max-video-preview":"max-video-preview:-1"},"canonical":"https:\/\/www.xjssmt.com\/about","og_locale":"vi_VN","og_type":"article","og_title":"V\u1ec1 ch\u00fang t\u00f4i - Shenzhen Xinjiusheng Automation Equipment Co., Ltd","og_description":"Shenzhen Xinjiusheng Automatic Equipment Co., Ltd. l\u00e0 m\u1ed9t doanh nghi\u1ec7p c\u00f4ng ngh\u1ec7 cao cung c\u1ea5p thi\u1ebft b\u1ecb m\u00e1y d\u00e1n b\u1ec1 m\u1eb7t cao c\u1ea5p v\u00e0 thi\u1ebft b\u1ecb h\u1ed7 tr\u1ee3 R&amp;D, s\u1ea3n xu\u1ea5t, b\u00e1n h\u00e0ng v\u00e0 d\u1ecbch v\u1ee5 cho th\u1ebf gi\u1edbi. D\u1ef1a tr\u00ean kh\u00e1i ni\u1ec7m qu\u1ea3n l\u00fd hi\u1ec7n \u0111\u1ea1i v\u00e0 tinh th\u1ea7n \u0111\u1ed5i m\u1edbi khoa h\u1ecdc v\u00e0 [&hellip;]","og_url":"https:\/\/www.xjssmt.com\/about","og_site_name":"Shenzhen Xinjiusheng Automation Equipment Co., Ltd","article_modified_time":"2025-07-16T12:47:57+00:00","og_image":[{"width":600,"height":340,"url":"https:\/\/www.xjssmt.com\/wp-content\/uploads\/2020\/04\/2020042714490462.jpg","type":"image\/jpeg"}],"twitter_card":"summary_large_image","twitter_misc":{"Est. reading time":"2 minutes"},"schema":{"@context":"https:\/\/schema.org","@graph":[{"@type":"WebPage","@id":"https:\/\/www.xjssmt.com\/about","url":"https:\/\/www.xjssmt.com\/about","name":"V\u1ec1 ch\u00fang t\u00f4i - Shenzhen Xinjiusheng Automation Equipment Co., Ltd","isPartOf":{"@id":"https:\/\/www.xjssmt.com\/#website"},"primaryImageOfPage":{"@id":"https:\/\/www.xjssmt.com\/about#primaryimage"},"image":{"@id":"https:\/\/www.xjssmt.com\/about#primaryimage"},"thumbnailUrl":"https:\/\/www.xjssmt.com\/wp-content\/uploads\/2020\/04\/2020042714490462.jpg","datePublished":"2020-04-27T01:53:52+00:00","dateModified":"2025-07-16T12:47:57+00:00","breadcrumb":{"@id":"https:\/\/www.xjssmt.com\/about#breadcrumb"},"inLanguage":"vi-VN","potentialAction":[{"@type":"ReadAction","target":["https:\/\/www.xjssmt.com\/about"]}]},{"@type":"ImageObject","inLanguage":"vi-VN","@id":"https:\/\/www.xjssmt.com\/about#primaryimage","url":"https:\/\/www.xjssmt.com\/wp-content\/uploads\/2020\/04\/2020042714490462.jpg","contentUrl":"https:\/\/www.xjssmt.com\/wp-content\/uploads\/2020\/04\/2020042714490462.jpg","width":600,"height":340},{"@type":"BreadcrumbList","@id":"https:\/\/www.xjssmt.com\/about#breadcrumb","itemListElement":[{"@type":"ListItem","position":1,"name":"Home","item":"https:\/\/www.xjssmt.com\/"},{"@type":"ListItem","position":2,"name":"V\u1ec1 ch\u00fang t\u00f4i"}]},{"@type":"WebSite","@id":"https:\/\/www.xjssmt.com\/#website","url":"https:\/\/www.xjssmt.com\/","name":"Shenzhen Xinjiusheng Automation Equipment Co., Ltd","description":"Shenzhen XJS Automation","publisher":{"@id":"https:\/\/www.xjssmt.com\/#organization"},"alternateName":"Shenzhen XJS Automation","potentialAction":[{"@type":"SearchAction","target":{"@type":"EntryPoint","urlTemplate":"https:\/\/www.xjssmt.com\/?s={search_term_string}"},"query-input":{"@type":"PropertyValueSpecification","valueRequired":true,"valueName":"search_term_string"}}],"inLanguage":"vi-VN"},{"@type":"Organization","@id":"https:\/\/www.xjssmt.com\/#organization","name":"Shenzhen Xinjiusheng Automation Equipment Co., Ltd","url":"https:\/\/www.xjssmt.com\/","logo":{"@type":"ImageObject","inLanguage":"vi-VN","@id":"https:\/\/www.xjssmt.com\/#\/schema\/logo\/image\/","url":"https:\/\/www.xjssmt.com\/wp-content\/uploads\/2021\/10\/2021100622441533.png","contentUrl":"https:\/\/www.xjssmt.com\/wp-content\/uploads\/2021\/10\/2021100622441533.png","width":302,"height":60,"caption":"Shenzhen Xinjiusheng Automation Equipment Co., Ltd"},"image":{"@id":"https:\/\/www.xjssmt.com\/#\/schema\/logo\/image\/"}}]}},"_links":{"self":[{"href":"https:\/\/www.xjssmt.com\/vi\/wp-json\/wp\/v2\/pages\/4785","targetHints":{"allow":["GET"]}}],"collection":[{"href":"https:\/\/www.xjssmt.com\/vi\/wp-json\/wp\/v2\/pages"}],"about":[{"href":"https:\/\/www.xjssmt.com\/vi\/wp-json\/wp\/v2\/types\/page"}],"author":[{"embeddable":true,"href":"https:\/\/www.xjssmt.com\/vi\/wp-json\/wp\/v2\/users\/1"}],"replies":[{"embeddable":true,"href":"https:\/\/www.xjssmt.com\/vi\/wp-json\/wp\/v2\/comments?post=4785"}],"version-history":[{"count":0,"href":"https:\/\/www.xjssmt.com\/vi\/wp-json\/wp\/v2\/pages\/4785\/revisions"}],"wp:featuredmedia":[{"embeddable":true,"href":"https:\/\/www.xjssmt.com\/vi\/wp-json\/wp\/v2\/media\/1932"}],"wp:attachment":[{"href":"https:\/\/www.xjssmt.com\/vi\/wp-json\/wp\/v2\/media?parent=4785"}],"curies":[{"name":"wp","href":"https:\/\/api.w.org\/{rel}","templated":true}]}}