{"id":4788,"date":"2020-04-27T14:52:16","date_gmt":"2020-04-27T06:52:16","guid":{"rendered":"https:\/\/www.xjssmt.com\/ve-chung-toi\/danh-du"},"modified":"2025-07-17T20:59:22","modified_gmt":"2025-07-17T12:59:22","slug":"danh-du","status":"publish","type":"page","link":"https:\/\/www.xjssmt.com\/vi\/ve-chung-toi\/danh-du","title":{"rendered":"Danh d\u1ef1"},"content":{"rendered":"<h1><span style=\"font-size: 14pt;\">Nh\u00e0 s\u1ea3n xu\u1ea5t m\u00e1y SMT h\u00e0ng \u0111\u1ea7u ng\u00e0nh v\u1edbi c\u00e1c ch\u1ee9ng nh\u1eadn v\u00e0 gi\u1ea3i th\u01b0\u1edfng qu\u1ed1c t\u1ebf.<\/span><\/h1>\n<h2><span style=\"font-size: 12pt;\">Ch\u1ee9ng nh\u1eadn cho m\u00e1y SMT<\/span><\/h2>\n<p><img loading=\"lazy\" decoding=\"async\" width=\"746\" height=\"354\" class=\"alignnone size-full wp-image-5014\" src=\"https:\/\/www.xjssmt.com\/wp-content\/uploads\/2025\/07\/2025071720434259.jpg\" alt=\"\" \/><\/p>\n<h2><span style=\"font-size: 12pt;\">Kh\u00e1ch h\u00e0ng<\/span><\/h2>\n<p><img loading=\"lazy\" decoding=\"async\" width=\"746\" height=\"378\" class=\"alignnone size-full wp-image-5021\" src=\"https:\/\/www.xjssmt.com\/wp-content\/uploads\/2025\/07\/2025071720440059.jpg\" alt=\"\" \/><\/p>\n","protected":false},"excerpt":{"rendered":"<p>Nh\u00e0 s\u1ea3n xu\u1ea5t m\u00e1y SMT h\u00e0ng \u0111\u1ea7u ng\u00e0nh v\u1edbi c\u00e1c ch\u1ee9ng nh\u1eadn v\u00e0 gi\u1ea3i th\u01b0\u1edfng qu\u1ed1c t\u1ebf. Ch\u1ee9ng nh\u1eadn cho m\u00e1y SMT Kh\u00e1ch h\u00e0ng<\/p>\n","protected":false},"author":1,"featured_media":0,"parent":4785,"menu_order":35,"comment_status":"closed","ping_status":"closed","template":"","meta":{"footnotes":""},"class_list":["post-4788","page","type-page","status-publish","hentry"],"acf":[],"yoast_head":"<!-- This site is optimized with the Yoast SEO plugin v25.9 - https:\/\/yoast.com\/wordpress\/plugins\/seo\/ -->\n<title>Danh d\u1ef1 - Shenzhen Xinjiusheng Automation Equipment Co., Ltd<\/title>\n<meta name=\"robots\" content=\"index, follow, max-snippet:-1, max-image-preview:large, max-video-preview:-1\" \/>\n<link rel=\"canonical\" href=\"https:\/\/www.xjssmt.com\/about\/honor\" \/>\n<meta property=\"og:locale\" content=\"vi_VN\" \/>\n<meta property=\"og:type\" content=\"article\" \/>\n<meta property=\"og:title\" content=\"Danh d\u1ef1 - Shenzhen Xinjiusheng Automation Equipment Co., Ltd\" \/>\n<meta property=\"og:description\" content=\"Nh\u00e0 s\u1ea3n xu\u1ea5t m\u00e1y SMT h\u00e0ng \u0111\u1ea7u ng\u00e0nh v\u1edbi c\u00e1c ch\u1ee9ng nh\u1eadn v\u00e0 gi\u1ea3i th\u01b0\u1edfng qu\u1ed1c t\u1ebf. Ch\u1ee9ng nh\u1eadn cho m\u00e1y SMT Kh\u00e1ch h\u00e0ng\" \/>\n<meta property=\"og:url\" content=\"https:\/\/www.xjssmt.com\/about\/honor\" \/>\n<meta property=\"og:site_name\" content=\"Shenzhen Xinjiusheng Automation Equipment Co., Ltd\" \/>\n<meta property=\"article:modified_time\" content=\"2025-07-17T12:59:22+00:00\" \/>\n<meta property=\"og:image\" content=\"https:\/\/www.xjssmt.com\/wp-content\/uploads\/2025\/07\/2025071720434259.jpg\" \/>\n\t<meta property=\"og:image:width\" content=\"746\" \/>\n\t<meta property=\"og:image:height\" content=\"354\" \/>\n\t<meta property=\"og:image:type\" content=\"image\/jpeg\" \/>\n<meta name=\"twitter:card\" content=\"summary_large_image\" \/>\n<script type=\"application\/ld+json\" class=\"yoast-schema-graph\">{\"@context\":\"https:\/\/schema.org\",\"@graph\":[{\"@type\":\"WebPage\",\"@id\":\"https:\/\/www.xjssmt.com\/about\/honor\",\"url\":\"https:\/\/www.xjssmt.com\/about\/honor\",\"name\":\"Danh d\u1ef1 - Shenzhen Xinjiusheng Automation Equipment Co., Ltd\",\"isPartOf\":{\"@id\":\"https:\/\/www.xjssmt.com\/#website\"},\"primaryImageOfPage\":{\"@id\":\"https:\/\/www.xjssmt.com\/about\/honor#primaryimage\"},\"image\":{\"@id\":\"https:\/\/www.xjssmt.com\/about\/honor#primaryimage\"},\"thumbnailUrl\":\"https:\/\/www.xjssmt.com\/wp-content\/uploads\/2025\/07\/2025071720434259.jpg\",\"datePublished\":\"2020-04-27T06:52:16+00:00\",\"dateModified\":\"2025-07-17T12:59:22+00:00\",\"breadcrumb\":{\"@id\":\"https:\/\/www.xjssmt.com\/about\/honor#breadcrumb\"},\"inLanguage\":\"vi-VN\",\"potentialAction\":[{\"@type\":\"ReadAction\",\"target\":[\"https:\/\/www.xjssmt.com\/about\/honor\"]}]},{\"@type\":\"ImageObject\",\"inLanguage\":\"vi-VN\",\"@id\":\"https:\/\/www.xjssmt.com\/about\/honor#primaryimage\",\"url\":\"https:\/\/www.xjssmt.com\/wp-content\/uploads\/2025\/07\/2025071720434259.jpg\",\"contentUrl\":\"https:\/\/www.xjssmt.com\/wp-content\/uploads\/2025\/07\/2025071720434259.jpg\"},{\"@type\":\"BreadcrumbList\",\"@id\":\"https:\/\/www.xjssmt.com\/about\/honor#breadcrumb\",\"itemListElement\":[{\"@type\":\"ListItem\",\"position\":1,\"name\":\"Home\",\"item\":\"https:\/\/www.xjssmt.com\/\"},{\"@type\":\"ListItem\",\"position\":2,\"name\":\"V\u1ec1 ch\u00fang t\u00f4i\",\"item\":\"https:\/\/www.xjssmt.com\/about\"},{\"@type\":\"ListItem\",\"position\":3,\"name\":\"Danh d\u1ef1\"}]},{\"@type\":\"WebSite\",\"@id\":\"https:\/\/www.xjssmt.com\/#website\",\"url\":\"https:\/\/www.xjssmt.com\/\",\"name\":\"Shenzhen Xinjiusheng Automation Equipment Co., Ltd\",\"description\":\"Shenzhen XJS Automation\",\"publisher\":{\"@id\":\"https:\/\/www.xjssmt.com\/#organization\"},\"alternateName\":\"Shenzhen XJS Automation\",\"potentialAction\":[{\"@type\":\"SearchAction\",\"target\":{\"@type\":\"EntryPoint\",\"urlTemplate\":\"https:\/\/www.xjssmt.com\/?s={search_term_string}\"},\"query-input\":{\"@type\":\"PropertyValueSpecification\",\"valueRequired\":true,\"valueName\":\"search_term_string\"}}],\"inLanguage\":\"vi-VN\"},{\"@type\":\"Organization\",\"@id\":\"https:\/\/www.xjssmt.com\/#organization\",\"name\":\"Shenzhen Xinjiusheng Automation Equipment Co., Ltd\",\"url\":\"https:\/\/www.xjssmt.com\/\",\"logo\":{\"@type\":\"ImageObject\",\"inLanguage\":\"vi-VN\",\"@id\":\"https:\/\/www.xjssmt.com\/#\/schema\/logo\/image\/\",\"url\":\"https:\/\/www.xjssmt.com\/wp-content\/uploads\/2021\/10\/2021100622441533.png\",\"contentUrl\":\"https:\/\/www.xjssmt.com\/wp-content\/uploads\/2021\/10\/2021100622441533.png\",\"width\":302,\"height\":60,\"caption\":\"Shenzhen Xinjiusheng Automation Equipment Co., Ltd\"},\"image\":{\"@id\":\"https:\/\/www.xjssmt.com\/#\/schema\/logo\/image\/\"}}]}<\/script>\n<!-- \/ Yoast SEO plugin. -->","yoast_head_json":{"title":"Danh d\u1ef1 - Shenzhen Xinjiusheng Automation Equipment Co., Ltd","robots":{"index":"index","follow":"follow","max-snippet":"max-snippet:-1","max-image-preview":"max-image-preview:large","max-video-preview":"max-video-preview:-1"},"canonical":"https:\/\/www.xjssmt.com\/about\/honor","og_locale":"vi_VN","og_type":"article","og_title":"Danh d\u1ef1 - Shenzhen Xinjiusheng Automation Equipment Co., Ltd","og_description":"Nh\u00e0 s\u1ea3n xu\u1ea5t m\u00e1y SMT h\u00e0ng \u0111\u1ea7u ng\u00e0nh v\u1edbi c\u00e1c ch\u1ee9ng nh\u1eadn v\u00e0 gi\u1ea3i th\u01b0\u1edfng qu\u1ed1c t\u1ebf. Ch\u1ee9ng nh\u1eadn cho m\u00e1y SMT Kh\u00e1ch h\u00e0ng","og_url":"https:\/\/www.xjssmt.com\/about\/honor","og_site_name":"Shenzhen Xinjiusheng Automation Equipment Co., Ltd","article_modified_time":"2025-07-17T12:59:22+00:00","og_image":[{"width":746,"height":354,"url":"https:\/\/www.xjssmt.com\/wp-content\/uploads\/2025\/07\/2025071720434259.jpg","type":"image\/jpeg"}],"twitter_card":"summary_large_image","schema":{"@context":"https:\/\/schema.org","@graph":[{"@type":"WebPage","@id":"https:\/\/www.xjssmt.com\/about\/honor","url":"https:\/\/www.xjssmt.com\/about\/honor","name":"Danh d\u1ef1 - Shenzhen Xinjiusheng Automation Equipment Co., Ltd","isPartOf":{"@id":"https:\/\/www.xjssmt.com\/#website"},"primaryImageOfPage":{"@id":"https:\/\/www.xjssmt.com\/about\/honor#primaryimage"},"image":{"@id":"https:\/\/www.xjssmt.com\/about\/honor#primaryimage"},"thumbnailUrl":"https:\/\/www.xjssmt.com\/wp-content\/uploads\/2025\/07\/2025071720434259.jpg","datePublished":"2020-04-27T06:52:16+00:00","dateModified":"2025-07-17T12:59:22+00:00","breadcrumb":{"@id":"https:\/\/www.xjssmt.com\/about\/honor#breadcrumb"},"inLanguage":"vi-VN","potentialAction":[{"@type":"ReadAction","target":["https:\/\/www.xjssmt.com\/about\/honor"]}]},{"@type":"ImageObject","inLanguage":"vi-VN","@id":"https:\/\/www.xjssmt.com\/about\/honor#primaryimage","url":"https:\/\/www.xjssmt.com\/wp-content\/uploads\/2025\/07\/2025071720434259.jpg","contentUrl":"https:\/\/www.xjssmt.com\/wp-content\/uploads\/2025\/07\/2025071720434259.jpg"},{"@type":"BreadcrumbList","@id":"https:\/\/www.xjssmt.com\/about\/honor#breadcrumb","itemListElement":[{"@type":"ListItem","position":1,"name":"Home","item":"https:\/\/www.xjssmt.com\/"},{"@type":"ListItem","position":2,"name":"V\u1ec1 ch\u00fang t\u00f4i","item":"https:\/\/www.xjssmt.com\/about"},{"@type":"ListItem","position":3,"name":"Danh d\u1ef1"}]},{"@type":"WebSite","@id":"https:\/\/www.xjssmt.com\/#website","url":"https:\/\/www.xjssmt.com\/","name":"Shenzhen Xinjiusheng Automation Equipment Co., Ltd","description":"Shenzhen XJS Automation","publisher":{"@id":"https:\/\/www.xjssmt.com\/#organization"},"alternateName":"Shenzhen XJS Automation","potentialAction":[{"@type":"SearchAction","target":{"@type":"EntryPoint","urlTemplate":"https:\/\/www.xjssmt.com\/?s={search_term_string}"},"query-input":{"@type":"PropertyValueSpecification","valueRequired":true,"valueName":"search_term_string"}}],"inLanguage":"vi-VN"},{"@type":"Organization","@id":"https:\/\/www.xjssmt.com\/#organization","name":"Shenzhen Xinjiusheng Automation Equipment Co., Ltd","url":"https:\/\/www.xjssmt.com\/","logo":{"@type":"ImageObject","inLanguage":"vi-VN","@id":"https:\/\/www.xjssmt.com\/#\/schema\/logo\/image\/","url":"https:\/\/www.xjssmt.com\/wp-content\/uploads\/2021\/10\/2021100622441533.png","contentUrl":"https:\/\/www.xjssmt.com\/wp-content\/uploads\/2021\/10\/2021100622441533.png","width":302,"height":60,"caption":"Shenzhen Xinjiusheng Automation Equipment Co., Ltd"},"image":{"@id":"https:\/\/www.xjssmt.com\/#\/schema\/logo\/image\/"}}]}},"_links":{"self":[{"href":"https:\/\/www.xjssmt.com\/vi\/wp-json\/wp\/v2\/pages\/4788","targetHints":{"allow":["GET"]}}],"collection":[{"href":"https:\/\/www.xjssmt.com\/vi\/wp-json\/wp\/v2\/pages"}],"about":[{"href":"https:\/\/www.xjssmt.com\/vi\/wp-json\/wp\/v2\/types\/page"}],"author":[{"embeddable":true,"href":"https:\/\/www.xjssmt.com\/vi\/wp-json\/wp\/v2\/users\/1"}],"replies":[{"embeddable":true,"href":"https:\/\/www.xjssmt.com\/vi\/wp-json\/wp\/v2\/comments?post=4788"}],"version-history":[{"count":0,"href":"https:\/\/www.xjssmt.com\/vi\/wp-json\/wp\/v2\/pages\/4788\/revisions"}],"up":[{"embeddable":true,"href":"https:\/\/www.xjssmt.com\/vi\/wp-json\/wp\/v2\/pages\/4785"}],"wp:attachment":[{"href":"https:\/\/www.xjssmt.com\/vi\/wp-json\/wp\/v2\/media?parent=4788"}],"curies":[{"name":"wp","href":"https:\/\/api.w.org\/{rel}","templated":true}]}}