{"id":4789,"date":"2020-04-27T14:53:36","date_gmt":"2020-04-27T06:53:36","guid":{"rendered":"https:\/\/www.xjssmt.com\/dat-phong"},"modified":"2025-07-16T21:19:15","modified_gmt":"2025-07-16T13:19:15","slug":"dat-phong","status":"publish","type":"page","link":"https:\/\/www.xjssmt.com\/vi\/dat-phong","title":{"rendered":"\u0110\u1eb7t ph\u00f2ng"},"content":{"rendered":"<p style=\"text-align: center;\"><span style=\"font-size: 24pt;\">Ch\u00e0o m\u1eebng li\u00ean h\u1ec7 v\u1edbi ch\u00fang t\u00f4i<\/span><\/p>\n<p style=\"text-align: center;\">T\u1ea1i \u0111\u00e2y b\u1ea1n c\u00f3 th\u1ec3 g\u1eedi c\u00e2u h\u1ecfi v\u00e0 y\u00eau c\u1ea7u c\u1ee7a m\u00ecnh tr\u1ef1c tuy\u1ebfn v\u00e0 ch\u00fang t\u00f4i s\u1ebd li\u00ean h\u1ec7 v\u1edbi b\u1ea1n s\u1edbm nh\u1ea5t c\u00f3 th\u1ec3 ho\u1eb7c tr\u1ea3 l\u1eddi tr\u1ef1c ti\u1ebfp tr\u1ef1c tuy\u1ebfn<br \/>\nN\u1ebfu b\u1ea1n c\u1ea7n tr\u1ea3 l\u1eddi kh\u1ea9n c\u1ea5p, vui l\u00f2ng g\u1ecdi 13428755693<\/p>\n<form enctype=\"multipart\/form-data\" class=\"fm-form\" method=\"post\" action=\"https:\/\/www.xjssmt.com\/vi\/dat-phong\" name=\"fm-form-1\" id=\"fm-form-1\" autocomplete=\"on\" >\n\r\n\t\t\r\n\t\t\t\t\r\n\t\t<ul>\r\n\t\t\t\t\t\t<li id=\"fm-item-text-5ea6f30a861f7\">\r\n\t\t\t\t\t\t\t\t\t<table><tr>\r\n\t\t\t\t\t\t<td style=\"width:px\"><label>Name&nbsp;<em>*<\/em><\/label><\/td>\r\n\t\t\t\t\t\t<td><input type=\"text\" name=\"text-5ea6f30a861f7\" id=\"text-5ea6f30a861f7\" style=\"width:px;\" placeholder=\"\" \/><\/td>\r\n\t\t\t\t\t<\/tr><\/table>\r\n\t\t\t\t\t\t\t<\/li>\r\n\t\t\t\t\t\t<li id=\"fm-item-text-5ea6f32d9c233\">\r\n\t\t\t\t\t\t\t\t\t<table><tr>\r\n\t\t\t\t\t\t<td style=\"width:px\"><label>Phone&nbsp;<em>*<\/em><\/label><\/td>\r\n\t\t\t\t\t\t<td><input type=\"text\" name=\"text-5ea6f32d9c233\" id=\"text-5ea6f32d9c233\" style=\"width:px;\" placeholder=\"\" \/><\/td>\r\n\t\t\t\t\t<\/tr><\/table>\r\n\t\t\t\t\t\t\t<\/li>\r\n\t\t\t\t\t\t<li id=\"fm-item-textarea-5ea6f345c5638\">\r\n\t\t\t\t\t\t\t\t\t<table><tr>\r\n\t\t\t\t\t\t<td style=\"width:px\"><label>Message&nbsp;<em>*<\/em><\/label><\/td>\r\n\t\t\t\t\t\t<td><textarea name=\"textarea-5ea6f345c5638\" id=\"textarea-5ea6f345c5638\" style=\"width:px;height:px;\" placeholder=\"\"><\/textarea><\/td>\r\n\t\t\t\t\t<\/tr><\/table>\r\n\t\t\t\t\t\t\t<\/li>\r\n\t\t\t\t\t<\/ul>\r\n\r\n\t\t<div class=\"tijiaobtn\">\r\n\t\t <input type=\"submit\" name=\"fm_form_submit\" id=\"fm_form_submit\" class=\"submit\" value=\"Submit\" onclick=\"return fm_submit_onclick(1)\"  \/>\n\t\t<\/div>\r\n\r\n\t\r\n\t<input type=\"hidden\" name=\"fm_nonce\" id=\"fm_nonce\" value=\"96a29be7dc\" \/>\n<input type=\"hidden\" name=\"fm_id\" id=\"fm_id\" value=\"1\" \/>\n<input type=\"hidden\" name=\"fm_uniq_id\" id=\"fm_uniq_id\" value=\"fm-69f26eb064fe2\" \/>\n<input type=\"hidden\" name=\"fm_parent_post_id\" id=\"fm_parent_post_id\" value=\"4789\" \/>\n<\/form>\n\n","protected":false},"excerpt":{"rendered":"<p>Ch\u00e0o m\u1eebng li\u00ean h\u1ec7 v\u1edbi ch\u00fang t\u00f4i T\u1ea1i \u0111\u00e2y b\u1ea1n c\u00f3 th\u1ec3 g\u1eedi c\u00e2u h\u1ecfi v\u00e0 y\u00eau c\u1ea7u c\u1ee7a m\u00ecnh tr\u1ef1c tuy\u1ebfn v\u00e0 ch\u00fang t\u00f4i s\u1ebd li\u00ean h\u1ec7 v\u1edbi b\u1ea1n s\u1edbm nh\u1ea5t c\u00f3 th\u1ec3 ho\u1eb7c tr\u1ea3 l\u1eddi tr\u1ef1c ti\u1ebfp tr\u1ef1c tuy\u1ebfn N\u1ebfu b\u1ea1n c\u1ea7n tr\u1ea3 l\u1eddi kh\u1ea9n c\u1ea5p, vui l\u00f2ng g\u1ecdi 13428755693<\/p>\n","protected":false},"author":1,"featured_media":0,"parent":0,"menu_order":38,"comment_status":"closed","ping_status":"closed","template":"","meta":{"footnotes":""},"class_list":["post-4789","page","type-page","status-publish","hentry"],"acf":[],"yoast_head":"<!-- This site is optimized with the Yoast SEO plugin v25.9 - https:\/\/yoast.com\/wordpress\/plugins\/seo\/ -->\n<title>\u0110\u1eb7t ph\u00f2ng - Shenzhen Xinjiusheng Automation Equipment Co., Ltd<\/title>\n<meta name=\"robots\" content=\"index, follow, max-snippet:-1, max-image-preview:large, max-video-preview:-1\" \/>\n<link rel=\"canonical\" href=\"https:\/\/www.xjssmt.com\/online\" \/>\n<meta property=\"og:locale\" content=\"vi_VN\" \/>\n<meta property=\"og:type\" content=\"article\" \/>\n<meta property=\"og:title\" content=\"\u0110\u1eb7t ph\u00f2ng - Shenzhen Xinjiusheng Automation Equipment Co., Ltd\" \/>\n<meta property=\"og:description\" content=\"Ch\u00e0o m\u1eebng li\u00ean h\u1ec7 v\u1edbi ch\u00fang t\u00f4i T\u1ea1i \u0111\u00e2y b\u1ea1n c\u00f3 th\u1ec3 g\u1eedi c\u00e2u h\u1ecfi v\u00e0 y\u00eau c\u1ea7u c\u1ee7a m\u00ecnh tr\u1ef1c tuy\u1ebfn v\u00e0 ch\u00fang t\u00f4i s\u1ebd li\u00ean h\u1ec7 v\u1edbi b\u1ea1n s\u1edbm nh\u1ea5t c\u00f3 th\u1ec3 ho\u1eb7c tr\u1ea3 l\u1eddi tr\u1ef1c ti\u1ebfp tr\u1ef1c tuy\u1ebfn N\u1ebfu b\u1ea1n c\u1ea7n tr\u1ea3 l\u1eddi kh\u1ea9n c\u1ea5p, vui l\u00f2ng g\u1ecdi 13428755693\" \/>\n<meta property=\"og:url\" content=\"https:\/\/www.xjssmt.com\/online\" \/>\n<meta property=\"og:site_name\" content=\"Shenzhen Xinjiusheng Automation Equipment Co., Ltd\" \/>\n<meta property=\"article:modified_time\" content=\"2025-07-16T13:19:15+00:00\" \/>\n<meta name=\"twitter:card\" content=\"summary_large_image\" \/>\n<script type=\"application\/ld+json\" class=\"yoast-schema-graph\">{\"@context\":\"https:\/\/schema.org\",\"@graph\":[{\"@type\":\"WebPage\",\"@id\":\"https:\/\/www.xjssmt.com\/online\",\"url\":\"https:\/\/www.xjssmt.com\/online\",\"name\":\"\u0110\u1eb7t ph\u00f2ng - Shenzhen Xinjiusheng Automation Equipment Co., Ltd\",\"isPartOf\":{\"@id\":\"https:\/\/www.xjssmt.com\/#website\"},\"datePublished\":\"2020-04-27T06:53:36+00:00\",\"dateModified\":\"2025-07-16T13:19:15+00:00\",\"breadcrumb\":{\"@id\":\"https:\/\/www.xjssmt.com\/online#breadcrumb\"},\"inLanguage\":\"vi-VN\",\"potentialAction\":[{\"@type\":\"ReadAction\",\"target\":[\"https:\/\/www.xjssmt.com\/online\"]}]},{\"@type\":\"BreadcrumbList\",\"@id\":\"https:\/\/www.xjssmt.com\/online#breadcrumb\",\"itemListElement\":[{\"@type\":\"ListItem\",\"position\":1,\"name\":\"Home\",\"item\":\"https:\/\/www.xjssmt.com\/\"},{\"@type\":\"ListItem\",\"position\":2,\"name\":\"\u0110\u1eb7t ph\u00f2ng\"}]},{\"@type\":\"WebSite\",\"@id\":\"https:\/\/www.xjssmt.com\/#website\",\"url\":\"https:\/\/www.xjssmt.com\/\",\"name\":\"Shenzhen Xinjiusheng Automation Equipment Co., Ltd\",\"description\":\"Shenzhen XJS Automation\",\"publisher\":{\"@id\":\"https:\/\/www.xjssmt.com\/#organization\"},\"alternateName\":\"Shenzhen XJS Automation\",\"potentialAction\":[{\"@type\":\"SearchAction\",\"target\":{\"@type\":\"EntryPoint\",\"urlTemplate\":\"https:\/\/www.xjssmt.com\/?s={search_term_string}\"},\"query-input\":{\"@type\":\"PropertyValueSpecification\",\"valueRequired\":true,\"valueName\":\"search_term_string\"}}],\"inLanguage\":\"vi-VN\"},{\"@type\":\"Organization\",\"@id\":\"https:\/\/www.xjssmt.com\/#organization\",\"name\":\"Shenzhen Xinjiusheng Automation Equipment Co., Ltd\",\"url\":\"https:\/\/www.xjssmt.com\/\",\"logo\":{\"@type\":\"ImageObject\",\"inLanguage\":\"vi-VN\",\"@id\":\"https:\/\/www.xjssmt.com\/#\/schema\/logo\/image\/\",\"url\":\"https:\/\/www.xjssmt.com\/wp-content\/uploads\/2021\/10\/2021100622441533.png\",\"contentUrl\":\"https:\/\/www.xjssmt.com\/wp-content\/uploads\/2021\/10\/2021100622441533.png\",\"width\":302,\"height\":60,\"caption\":\"Shenzhen Xinjiusheng Automation Equipment Co., Ltd\"},\"image\":{\"@id\":\"https:\/\/www.xjssmt.com\/#\/schema\/logo\/image\/\"}}]}<\/script>\n<!-- \/ Yoast SEO plugin. -->","yoast_head_json":{"title":"\u0110\u1eb7t ph\u00f2ng - Shenzhen Xinjiusheng Automation Equipment Co., Ltd","robots":{"index":"index","follow":"follow","max-snippet":"max-snippet:-1","max-image-preview":"max-image-preview:large","max-video-preview":"max-video-preview:-1"},"canonical":"https:\/\/www.xjssmt.com\/online","og_locale":"vi_VN","og_type":"article","og_title":"\u0110\u1eb7t ph\u00f2ng - Shenzhen Xinjiusheng Automation Equipment Co., Ltd","og_description":"Ch\u00e0o m\u1eebng li\u00ean h\u1ec7 v\u1edbi ch\u00fang t\u00f4i T\u1ea1i \u0111\u00e2y b\u1ea1n c\u00f3 th\u1ec3 g\u1eedi c\u00e2u h\u1ecfi v\u00e0 y\u00eau c\u1ea7u c\u1ee7a m\u00ecnh tr\u1ef1c tuy\u1ebfn v\u00e0 ch\u00fang t\u00f4i s\u1ebd li\u00ean h\u1ec7 v\u1edbi b\u1ea1n s\u1edbm nh\u1ea5t c\u00f3 th\u1ec3 ho\u1eb7c tr\u1ea3 l\u1eddi tr\u1ef1c ti\u1ebfp tr\u1ef1c tuy\u1ebfn N\u1ebfu b\u1ea1n c\u1ea7n tr\u1ea3 l\u1eddi kh\u1ea9n c\u1ea5p, vui l\u00f2ng g\u1ecdi 13428755693","og_url":"https:\/\/www.xjssmt.com\/online","og_site_name":"Shenzhen Xinjiusheng Automation Equipment Co., Ltd","article_modified_time":"2025-07-16T13:19:15+00:00","twitter_card":"summary_large_image","schema":{"@context":"https:\/\/schema.org","@graph":[{"@type":"WebPage","@id":"https:\/\/www.xjssmt.com\/online","url":"https:\/\/www.xjssmt.com\/online","name":"\u0110\u1eb7t ph\u00f2ng - Shenzhen Xinjiusheng Automation Equipment Co., Ltd","isPartOf":{"@id":"https:\/\/www.xjssmt.com\/#website"},"datePublished":"2020-04-27T06:53:36+00:00","dateModified":"2025-07-16T13:19:15+00:00","breadcrumb":{"@id":"https:\/\/www.xjssmt.com\/online#breadcrumb"},"inLanguage":"vi-VN","potentialAction":[{"@type":"ReadAction","target":["https:\/\/www.xjssmt.com\/online"]}]},{"@type":"BreadcrumbList","@id":"https:\/\/www.xjssmt.com\/online#breadcrumb","itemListElement":[{"@type":"ListItem","position":1,"name":"Home","item":"https:\/\/www.xjssmt.com\/"},{"@type":"ListItem","position":2,"name":"\u0110\u1eb7t ph\u00f2ng"}]},{"@type":"WebSite","@id":"https:\/\/www.xjssmt.com\/#website","url":"https:\/\/www.xjssmt.com\/","name":"Shenzhen Xinjiusheng Automation Equipment Co., Ltd","description":"Shenzhen XJS Automation","publisher":{"@id":"https:\/\/www.xjssmt.com\/#organization"},"alternateName":"Shenzhen XJS Automation","potentialAction":[{"@type":"SearchAction","target":{"@type":"EntryPoint","urlTemplate":"https:\/\/www.xjssmt.com\/?s={search_term_string}"},"query-input":{"@type":"PropertyValueSpecification","valueRequired":true,"valueName":"search_term_string"}}],"inLanguage":"vi-VN"},{"@type":"Organization","@id":"https:\/\/www.xjssmt.com\/#organization","name":"Shenzhen Xinjiusheng Automation Equipment Co., Ltd","url":"https:\/\/www.xjssmt.com\/","logo":{"@type":"ImageObject","inLanguage":"vi-VN","@id":"https:\/\/www.xjssmt.com\/#\/schema\/logo\/image\/","url":"https:\/\/www.xjssmt.com\/wp-content\/uploads\/2021\/10\/2021100622441533.png","contentUrl":"https:\/\/www.xjssmt.com\/wp-content\/uploads\/2021\/10\/2021100622441533.png","width":302,"height":60,"caption":"Shenzhen Xinjiusheng Automation Equipment Co., Ltd"},"image":{"@id":"https:\/\/www.xjssmt.com\/#\/schema\/logo\/image\/"}}]}},"_links":{"self":[{"href":"https:\/\/www.xjssmt.com\/vi\/wp-json\/wp\/v2\/pages\/4789","targetHints":{"allow":["GET"]}}],"collection":[{"href":"https:\/\/www.xjssmt.com\/vi\/wp-json\/wp\/v2\/pages"}],"about":[{"href":"https:\/\/www.xjssmt.com\/vi\/wp-json\/wp\/v2\/types\/page"}],"author":[{"embeddable":true,"href":"https:\/\/www.xjssmt.com\/vi\/wp-json\/wp\/v2\/users\/1"}],"replies":[{"embeddable":true,"href":"https:\/\/www.xjssmt.com\/vi\/wp-json\/wp\/v2\/comments?post=4789"}],"version-history":[{"count":0,"href":"https:\/\/www.xjssmt.com\/vi\/wp-json\/wp\/v2\/pages\/4789\/revisions"}],"wp:attachment":[{"href":"https:\/\/www.xjssmt.com\/vi\/wp-json\/wp\/v2\/media?parent=4789"}],"curies":[{"name":"wp","href":"https:\/\/api.w.org\/{rel}","templated":true}]}}